{"id":5455,"date":"2023-03-13T21:12:07","date_gmt":"2023-03-13T21:12:07","guid":{"rendered":"https:\/\/bursaatletizm.org.tr\/?page_id=5455"},"modified":"2025-08-08T22:20:32","modified_gmt":"2025-08-08T22:20:32","slug":"kurulllar","status":"publish","type":"page","link":"https:\/\/bursaatletizm.org.tr\/?page_id=5455","title":{"rendered":"Kurulllar"},"content":{"rendered":"\n<figure class=\"wp-block-table\"><table><tbody><tr><td><strong>\u0130l Temsilcisi<\/strong><\/td><td>Tezcan YILMAZ<\/td><\/tr><tr><td><strong>Ba\u015fkan<\/strong><\/td><td>&#8211;<\/td><\/tr><tr><td><strong>\u0130l Temsilcisi Yard\u0131mc\u0131s\u0131<\/strong><\/td><td>Asl\u0131 KAHRAMAN<\/td><\/tr><tr><td><strong>Sekreter<\/strong><\/td><td>&#8211;<\/td><\/tr><tr><td><strong>Bilgi \u0130\u015flem<\/strong><\/td><td>&#8211;<\/td><\/tr><tr><td><strong>Teknik Direkt\u00f6r<\/strong><\/td><td>&#8211;<\/td><\/tr><tr><td><strong>\u00dcye<\/strong><\/td><td>Halise ALA\u00c7AM<\/td><\/tr><tr><td><strong>\u00dcye<\/strong><\/td><td>D\u00f6nd\u00fc \u00c7EV\u0130K<\/td><\/tr><tr><td><strong>\u00dcye<\/strong><\/td><td>M\u00fcnevver OR<\/td><\/tr><tr><td><strong>\u00dcye<\/strong><\/td><td>Mustafa \u015eAP\u00c7I<\/td><\/tr><tr><td><strong>\u00dcye<\/strong><\/td><td>Eser ADIR<\/td><\/tr><tr><td><strong>\u00dcye<\/strong><\/td><td>Vasfi \u00d6ZT\u00dcRK<\/td><\/tr><\/tbody><\/table><\/figure>\n\n\n\n<p><\/p>\n","protected":false},"excerpt":{"rendered":"<p>\u0130l Temsilcisi Tezcan YILMAZ Ba\u015fkan &#8211; \u0130l Temsilcisi Yard\u0131mc\u0131s\u0131 Asl\u0131 KAHRAMAN Sekreter &#8211; Bilgi \u0130\u015flem &#8211; Teknik Direkt\u00f6r &#8211; \u00dcye Halise ALA\u00c7AM \u00dcye D\u00f6nd\u00fc \u00c7EV\u0130K \u00dcye M\u00fcnevver OR \u00dcye Mustafa \u015eAP\u00c7I \u00dcye Eser ADIR \u00dcye Vasfi \u00d6ZT\u00dcRK<\/p>\n","protected":false},"author":1,"featured_media":0,"parent":0,"menu_order":0,"comment_status":"closed","ping_status":"closed","template":"","meta":{"footnotes":""},"class_list":["post-5455","page","type-page","status-publish","hentry"],"_links":{"self":[{"href":"https:\/\/bursaatletizm.org.tr\/index.php?rest_route=\/wp\/v2\/pages\/5455","targetHints":{"allow":["GET"]}}],"collection":[{"href":"https:\/\/bursaatletizm.org.tr\/index.php?rest_route=\/wp\/v2\/pages"}],"about":[{"href":"https:\/\/bursaatletizm.org.tr\/index.php?rest_route=\/wp\/v2\/types\/page"}],"author":[{"embeddable":true,"href":"https:\/\/bursaatletizm.org.tr\/index.php?rest_route=\/wp\/v2\/users\/1"}],"replies":[{"embeddable":true,"href":"https:\/\/bursaatletizm.org.tr\/index.php?rest_route=%2Fwp%2Fv2%2Fcomments&post=5455"}],"version-history":[{"count":6,"href":"https:\/\/bursaatletizm.org.tr\/index.php?rest_route=\/wp\/v2\/pages\/5455\/revisions"}],"predecessor-version":[{"id":7616,"href":"https:\/\/bursaatletizm.org.tr\/index.php?rest_route=\/wp\/v2\/pages\/5455\/revisions\/7616"}],"wp:attachment":[{"href":"https:\/\/bursaatletizm.org.tr\/index.php?rest_route=%2Fwp%2Fv2%2Fmedia&parent=5455"}],"curies":[{"name":"wp","href":"https:\/\/api.w.org\/{rel}","templated":true}]}}