{"id":5345,"date":"2023-03-09T07:03:14","date_gmt":"2023-03-09T07:03:14","guid":{"rendered":"https:\/\/bursaatletizm.org.tr\/?page_id=5345"},"modified":"2025-08-16T13:45:05","modified_gmt":"2025-08-16T13:45:05","slug":"bursa-atletizim-dernegi","status":"publish","type":"page","link":"https:\/\/bursaatletizm.org.tr\/?page_id=5345","title":{"rendered":"Bursa Atletizm Hakem Derne\u011fi"},"content":{"rendered":"\n<p><a href=\"https:\/\/bursaatletizm.org.tr\/wp-content\/uploads\/2022\/02\/tuzuk-1.pdf\">T\u00fcz\u00fck<\/a><\/p>\n\n\n\n<p>Ba\u015fkan: Adem BOYACIO\u011eLU<\/p>\n\n\n\n<p>Ba\u015fkan Yard\u0131mc\u0131s\u0131: Ali BA\u015e<\/p>\n\n\n\n<p>Sayman: Embiye YILMAZ<\/p>\n\n\n\n<p>Sekreter: \u00d6zlem BOYACIO\u011eLU<\/p>\n\n\n\n<p>\u00dcye: B\u00fclent YAVUZ<\/p>\n\n\n\n<p>\u0130ban: TR80 0001-0006-7755-8685-4550-01<\/p>\n\n\n\n<p>Ziraat Bankas\u0131 Ulucami \u015eubesi<\/p>\n\n\n\n<p><\/p>\n","protected":false},"excerpt":{"rendered":"<p>T\u00fcz\u00fck Ba\u015fkan: Adem BOYACIO\u011eLU Ba\u015fkan Yard\u0131mc\u0131s\u0131: Ali BA\u015e Sayman: Embiye YILMAZ Sekreter: \u00d6zlem BOYACIO\u011eLU \u00dcye: B\u00fclent YAVUZ \u0130ban: TR80 0001-0006-7755-8685-4550-01 Ziraat Bankas\u0131 Ulucami \u015eubesi<\/p>\n","protected":false},"author":1,"featured_media":0,"parent":0,"menu_order":0,"comment_status":"closed","ping_status":"closed","template":"","meta":{"footnotes":""},"class_list":["post-5345","page","type-page","status-publish","hentry"],"_links":{"self":[{"href":"https:\/\/bursaatletizm.org.tr\/index.php?rest_route=\/wp\/v2\/pages\/5345","targetHints":{"allow":["GET"]}}],"collection":[{"href":"https:\/\/bursaatletizm.org.tr\/index.php?rest_route=\/wp\/v2\/pages"}],"about":[{"href":"https:\/\/bursaatletizm.org.tr\/index.php?rest_route=\/wp\/v2\/types\/page"}],"author":[{"embeddable":true,"href":"https:\/\/bursaatletizm.org.tr\/index.php?rest_route=\/wp\/v2\/users\/1"}],"replies":[{"embeddable":true,"href":"https:\/\/bursaatletizm.org.tr\/index.php?rest_route=%2Fwp%2Fv2%2Fcomments&post=5345"}],"version-history":[{"count":4,"href":"https:\/\/bursaatletizm.org.tr\/index.php?rest_route=\/wp\/v2\/pages\/5345\/revisions"}],"predecessor-version":[{"id":7631,"href":"https:\/\/bursaatletizm.org.tr\/index.php?rest_route=\/wp\/v2\/pages\/5345\/revisions\/7631"}],"wp:attachment":[{"href":"https:\/\/bursaatletizm.org.tr\/index.php?rest_route=%2Fwp%2Fv2%2Fmedia&parent=5345"}],"curies":[{"name":"wp","href":"https:\/\/api.w.org\/{rel}","templated":true}]}}