{"id":207,"date":"2014-11-25T18:04:37","date_gmt":"2014-11-25T18:04:37","guid":{"rendered":"https:\/\/demo.mekshq.com\/voice\/?page_id=207"},"modified":"2025-08-16T13:55:46","modified_gmt":"2025-08-16T13:55:46","slug":"bursa-atletizm-il-temsilciligi","status":"publish","type":"page","link":"https:\/\/bursaatletizm.org.tr\/","title":{"rendered":"BURSA ATLET\u0130ZM \u0130L TEMS\u0130LC\u0130L\u0130\u011e\u0130"},"content":{"rendered":"","protected":false},"excerpt":{"rendered":"","protected":false},"author":1,"featured_media":0,"parent":0,"menu_order":0,"comment_status":"open","ping_status":"closed","template":"template-modules.php","meta":{"footnotes":""},"class_list":["post-207","page","type-page","status-publish","hentry"],"_links":{"self":[{"href":"https:\/\/bursaatletizm.org.tr\/index.php?rest_route=\/wp\/v2\/pages\/207","targetHints":{"allow":["GET"]}}],"collection":[{"href":"https:\/\/bursaatletizm.org.tr\/index.php?rest_route=\/wp\/v2\/pages"}],"about":[{"href":"https:\/\/bursaatletizm.org.tr\/index.php?rest_route=\/wp\/v2\/types\/page"}],"author":[{"embeddable":true,"href":"https:\/\/bursaatletizm.org.tr\/index.php?rest_route=\/wp\/v2\/users\/1"}],"replies":[{"embeddable":true,"href":"https:\/\/bursaatletizm.org.tr\/index.php?rest_route=%2Fwp%2Fv2%2Fcomments&post=207"}],"version-history":[{"count":3,"href":"https:\/\/bursaatletizm.org.tr\/index.php?rest_route=\/wp\/v2\/pages\/207\/revisions"}],"predecessor-version":[{"id":7633,"href":"https:\/\/bursaatletizm.org.tr\/index.php?rest_route=\/wp\/v2\/pages\/207\/revisions\/7633"}],"wp:attachment":[{"href":"https:\/\/bursaatletizm.org.tr\/index.php?rest_route=%2Fwp%2Fv2%2Fmedia&parent=207"}],"curies":[{"name":"wp","href":"https:\/\/api.w.org\/{rel}","templated":true}]}}